



{"id":994,"date":"2015-10-12T19:41:04","date_gmt":"2015-10-12T18:41:04","guid":{"rendered":"http:\/\/ilpiccone.it\/wp\/?page_id=994"},"modified":"2016-01-11T12:25:59","modified_gmt":"2016-01-11T11:25:59","slug":"benigno-zaccagnini-sequestro-moro","status":"publish","type":"page","link":"https:\/\/www.ilpiccone.it\/index.php\/benigno-zaccagnini-sequestro-moro\/","title":{"rendered":"SEQUESTRO MORO"},"content":{"rendered":"<p class=\"p1\" style=\"text-align: justify;\">A pochi giorni dal sequestro era gia&#8217; stato localizzato il \u201ccovo delle BR\u201d di via Montalcini n.18, prigione dell&#8217;On.Moro, monitorata con video camere, microfoni direzionali e posta sotto continuo controllo dall&#8217;UCIGOS dal SISMI dal SISDE oltre a squadre speciali della Polizia di Stato e dei Carabinieri. Alcuni addetti ai lavori sostennero che personale delle forze speciali, spacciatisi per dipendenti Enel o<span class=\"Apple-converted-space\">\u00a0<\/span>Timo avessero fatte ispezioni mirate all&#8217;interno di quel condominio ed interpellati gli occupanti, tanto che gli appartenenti alle BR autori del rapimento e della strage sarebbero stati tutti identificati. Notizie che si ritennero leggende stante che ci risultava certo che la Magistratura, per legge titolare dell&#8217;azione, brancolava nel buoi pi\u00f9 completo.\u00a0Risultava per\u00f2 sicurissimo che, in previsione del blitz, arano stati allertati e convogliati a Roma militari\u00a0altamente\u00a0specializzati in operazione di commandos per liberare\u00a0l&#8217;ostaggio. Il generale Dalla Chiesa, ucciso nel 1982, verbalizz\u00f2 che f\u00f9 costretto a ritirare i sui uomini su ordine perentorio dell&#8217;UCIGOS, ricevuto quando gi\u00e0 l&#8217;operazione era scattata.\u00a0Da notare che alcune fonti sostenevano che la decisione di rinunciare al salvataggio dell&#8217;ostaggio sarebbe stata presa proprio a seguito della scoperta della prigione e del riscontro che quel sequestro era stato organizzato da servizi segreti stranieri per conto di Nazioni Alleate.<br \/>\nDa qu\u00ec una situazione di CRISI tra alleati NATO e la formazione di un comitato, ristretto e segreto per \u201cl&#8217;operazione Moro\u201d presieduto da Cossiga. L&#8217;Unit\u00e0 di Crisi assunse l&#8217;esclusiva competenza.<br \/>\nSono particolari intriganti quelli accertati dal nostro dipartimento di Palermo che segnal\u00f2 che l&#8217;appartamento di via Montalcini, era gi\u00e0 occupato, prima della strage di via Fani e del sequestro, da agenti segreti USA e da collaboratori RAF (sigla dell&#8217;eversione rossa tedesca(\u00a72.)). In occasione di una intervista l&#8217;On. Cossiga rispondendo indirettamente ad una domanda precisa chiar\u00ec che non vi era spazio per trattative rispetto alla situazione creata dagli alleati, era una \u201csituazione che non poteva essere rifiutata. I fatti furono poi coperti dal segreto di stato ed oggetto di depistaggi ed insabbiamenti.\u00a0Come sopra detto, scoperto il luogo nel quale era sequestrato l&#8217;On. Aldo Moro, se fossero\u00a0stati informati il Giudice Istruttore ed il PM,<span class=\"Apple-converted-space\">\u00a0 <\/span>avrebbero dovuto applicare la legge e liberare\u00a0il sequestrato anche con l&#8217;uso delle armi ed in tal modo sarebbe venuto alla luce il complotto degli alleati e l&#8217;inamissibile loro ingerenza nella politica interna della Repubblica italiana.\u00a0Cosa che sarebbe dovuta accadere ma che inspiegabilmente non accadde proprio per\u00a0disposizione perentoria dell&#8217; OCIGOS, quando gi\u00e0 l&#8217;azione era iniziata.<br \/>\nLa cosa ci stup\u00ec ma in quegli anni eravamo molto lontani dal sospettare le verit\u00e0 che accertammo successivamente e che ci fecero capire che gli \u201canni di piombo\u201d,\u201dgli opposti estremismi\u201d \u201cla stratergia della tensione\u201d, \u201clo stragismo\u201d, \u201cl&#8217;esistenza del doppio Stato\u201d erano la conseguenza diretta della strategia egemonica adottata dagli alleati liberatori.<br \/>\nLe troppe incongruenze, leggerezze, le mancate indagini, le omissioni riscontrate lo scollamento tra i servizi segreti, le Istituzioni, gli organi di polizia, i continui depistaggi, le soffiate e le confidenze che ci raggiungevano, le verit\u00e0 che altri\u00a0 processi politici ci arrecarono, fecero in modo che nel 1986, avessimo un quadro chiaro della realt\u00e0.\u00a0 Ci sentimmo traditi, strumentalizzati, abusati, ma complici.\u00a0Noi, difensori in tanti processi politici, ci sentimmo complici involontari di quei complotti come tanti nostri clienti che troppo tardi si erano accorti di essere stati usati per azioni dirette da pupari per conto di poteri ignoti e probabilmente proprio\u00a0 da quelli \u00a0 che credevano di combattere.<br \/>\nDiversa la posizione dei magistrati che si occuparono di quei fatti in fase istruttoria o dibattimentale e degli inquirenti, la loro funzione \u00f2 diretta a scoprire la verit\u00e0, quindi potevano rivedere le loro sentenze, le loro indagini i loro convincimenti e pubblicamente diffondere le verit\u00e0 acquisite.\u00a0Esempio luminoso di onest\u00e0 morale e professionale lo ha dato l&#8217;ex giudice Ferdinando Imposimato che err\u00f2 nel ritenere un pavido l&#8217;On. Moro,che ritenne i Brigatisti Rossi artefici esclusivi del sequestro e della strage di via Fani. Uomo schierato a sinistra, onesto ed amante della Verit\u00e0 e della Giustizia ha potuto svelare nei volumi \u201cI 55 giorni che hanno cambiato l&#8217;Italia\u201d e nel volume \u201cLa Repubblica delle stragi impunite\u201d retroscena, documenti e fatti che hanno confermato quelle verit\u00e0 che noi non potremo mai dire. Noi possiamo solo GRIDARE<strong> \u201cCHI SA PARLI!\u201d<\/strong> ai pochi sopravissuti vittime e complici igniari<span class=\"Apple-converted-space\">\u00a0 <\/span>di quei complotti e di tanti altri conclusi con sentenza<span class=\"Apple-converted-space\">\u00a0 <\/span>\u201csbagliata\u201d ma definitiva cos\u00ec come fece <a href=\"http:\/\/ilpiccone.it\/wp\/index.php\/francesco-montanari\/\">Francesco Montanari<\/a><\/p>\n<p class=\"p1\">IL GRIDO \u201cCHI SA PARLI!\u201d LANCIATO DAL DOTTORE FRANCESCO MONTANARI\u00a0\u00a0E\u2019 UN PROCLAMA\u00a0\u00a0PARI\u00a0A\u00a0QUELLI\u00a0DI ANTICA E STORICA MEMORIA DI COLORO\u00a0CHE\u00a0IN ASSENZA\u00a0DELLA\u00a0LIBERT\u00c0\u00a0RIFIUTARONO LA VITA.\u00a0IL SUO E\u2019\u00a0IL PRIMO PIU\u2019 FORTE E VIBRANTE PROCLAMA DI TUTTI I TEMPI CONTRO IL TRADIMENTO\u00a0<span class=\"s1\">DELLA REPUBBLICA,<\/span>\u00a0DELLA DEMOCRAZIA E DELLA RESISTENZA.\u00a0<span class=\"s1\">IL SUICIDIO DI PROTESTA DI FRANCESCO MONTANARI AVVENUTO\u00a0\u00a022\/02\/1996.<\/span>\u00a0<span class=\"s1\">FU IL PROCLAMA DI UN UOMO AL QUALE ERA STATA TOLTA OGNI SPERANZA.\u00a0<\/span><span class=\"s1\">ALLORA UN QUALUNQUE SUICIDIO FACEVA IMPRESSIONE ED AVEVA RISONANZA MEDIATICA. NON QUELLO DI FRANCESCO MONTANARI CHE FU RIPORTATO IN STRIMINZITI ARTICOLI\u00a0\u00a0SOLO DA QUALCHE CRONACA LOCALE.\u00a0<\/span><span class=\"s1\">IL SUO GRIDO FU SOFFOCATO!!\u00a0<\/span><span class=\"s1\">DA\u00a0\u00a0ALLORA I SUICIDI IN ITALIA SONO STATI MIGLIAIA \u00a0E\u00a0NON FANNO\u00a0PIU\u2019 NOTIZIA. AFFRONTARE FALLIMENTI, DISOCCUPAZIONE,MISERIA, \u00a0RECESSIONE E\u2019 DIFFICILE SE CI SI TROVA\u00a0\u00a0DERUBATI DI TUTTO PERSINO DELLA SPERANZA.<\/span><\/p>\n","protected":false},"excerpt":{"rendered":"<p>A pochi giorni dal sequestro era gia&#8217; stato localizzato il \u201ccovo delle BR\u201d di via Montalcini n.18, prigione dell&#8217;On.Moro, monitorata con video camere, microfoni direzionali e posta sotto continuo controllo dall&#8217;UCIGOS dal SISMI dal SISDE oltre a squadre speciali della Polizia di Stato e dei Carabinieri. Alcuni addetti ai lavori sostennero che personale delle forze speciali, spacciatisi per dipendenti Enel&#8230; <a href=\"https:\/\/www.ilpiccone.it\/index.php\/benigno-zaccagnini-sequestro-moro\/\">Read more &raquo;<\/a><\/p>\n","protected":false},"author":1,"featured_media":0,"parent":0,"menu_order":0,"comment_status":"closed","ping_status":"closed","template":"page-templates\/full-width.php","meta":[],"_links":{"self":[{"href":"https:\/\/www.ilpiccone.it\/index.php\/wp-json\/wp\/v2\/pages\/994"}],"collection":[{"href":"https:\/\/www.ilpiccone.it\/index.php\/wp-json\/wp\/v2\/pages"}],"about":[{"href":"https:\/\/www.ilpiccone.it\/index.php\/wp-json\/wp\/v2\/types\/page"}],"author":[{"embeddable":true,"href":"https:\/\/www.ilpiccone.it\/index.php\/wp-json\/wp\/v2\/users\/1"}],"replies":[{"embeddable":true,"href":"https:\/\/www.ilpiccone.it\/index.php\/wp-json\/wp\/v2\/comments?post=994"}],"version-history":[{"count":21,"href":"https:\/\/www.ilpiccone.it\/index.php\/wp-json\/wp\/v2\/pages\/994\/revisions"}],"predecessor-version":[{"id":1543,"href":"https:\/\/www.ilpiccone.it\/index.php\/wp-json\/wp\/v2\/pages\/994\/revisions\/1543"}],"wp:attachment":[{"href":"https:\/\/www.ilpiccone.it\/index.php\/wp-json\/wp\/v2\/media?parent=994"}],"curies":[{"name":"wp","href":"https:\/\/api.w.org\/{rel}","templated":true}]}}