



{"id":527,"date":"2015-08-06T08:50:24","date_gmt":"2015-08-06T07:50:24","guid":{"rendered":"http:\/\/ilpiccone.it\/wp\/?page_id=527"},"modified":"2015-08-13T09:41:19","modified_gmt":"2015-08-13T08:41:19","slug":"i-villaggi-star-trek","status":"publish","type":"page","link":"https:\/\/www.ilpiccone.it\/index.php\/i-villaggi-star-trek\/","title":{"rendered":"I villaggi Star Trek"},"content":{"rendered":"<p class=\"p1\"><span class=\"s1\"><b>Il nuovo modo di vivere.<\/b><\/span><\/p>\n<p class=\"p1\"><span class=\"s1\">I progettisti di ogni singolo villaggio, per prima cosa identificano<span class=\"Apple-converted-space\">\u00a0 <\/span>la serie di attivit\u00e0 extra professione e lavoro che dovranno occupare il tempo libero degli abitanti e che riguarderanno la sfera sociale e relazionale della futura comunit\u00e0. L&#8217;associazionismo, la famiglia, l&#8217;istruzione, gli hobby, gli sport, la ricerca e gli studi saranno incentivati. Con festival, con le fiere degli usi e costumi,premi e borse di studio per ricerche storiche a tema, congressi e quant&#8217;altro possa attrarre e coinvolgere la comunit\u00e0 e il tempo libero degli abitanti, verr\u00e0 indirizzato l&#8217;interesse alla realizzazione di una societ\u00e0 armonica intercomunicante e partecipativa.<\/span><\/p>\n<p class=\"p1\"><span class=\"s1\"><b>Il nuovo modo di lavorare .<\/b><\/span><\/p>\n<p class=\"p1\"><span class=\"s1\">La coinvolgente vita sociale (che potr\u00e0 essere ispirata, organizzata e diretta da qualunque volontario degli abitanti promotore di un suo hobby od interesse interesse), abituer\u00e0 i cittadini al rispetto dei principi naturali e fondamentali della Democrazia rendendoli consci della propria libert\u00e0,dei propri diritti, dei propri doveri. In tale clima sociale ogni abitante di qualsiasi et\u00e0, senza alcuna<span class=\"Apple-converted-space\">\u00a0 <\/span>eccezione,avr\u00e0 la possibilit\u00e0 di lavorare e, nel frattempo, di realizzare s\u00e9 stesso e le proprie aspirazioni, certi che il diritto dovere del lavoro non pu\u00f2 e non deve impedire all&#8217;uomo di perseguire la realizzazione di se stesso e delle proprie aspirazioni<\/span><\/p>\n<p class=\"p1\"><!--more--><span class=\"s1\"><b><span style=\"color: #333399;\">Impegno comune per una migliore qualit\u00e0 di vita.<\/span><br \/>\n<\/b><\/span><span class=\"s1\" style=\"color: #333399;\">Si tratta di progettare e realizzare comunit\u00e0 virtuose impegnate<span class=\"Apple-converted-space\">\u00a0 <\/span>al rinnovamento ed al progresso produttivo e sociale nel rispetto della natura<span class=\"Apple-converted-space\">\u00a0 <\/span>e della qualit\u00e0 di vita degli abitanti. Una comunit\u00e0 dove le attivit\u00e0 lavorative non sacrifichino la sfera privata delle esigenze sociali o famigliari. Una comunit\u00e0 armonica nelle diversit\u00e0 per il sereno sviluppo del progresso. <\/span><\/p>\n<p class=\"p1\"><span class=\"s1\" style=\"color: #333399;\">Un esempio dove l\u2019acqua \u00e8 raccolta, i rifiuti riciclati e l\u2019energia autoprodotta; dove \u00e8 fresco d\u2019estate e caldo d\u2019inverno, usando un buon design piuttosto che dei gadget ad alto costo ambientale.<\/span><\/p>\n<p class=\"p1\"><span class=\"s1\" style=\"color: #333399;\">Il villaggio cos\u00ec diventa parte integrante dell\u2019educazione. Diviene una nicchia culturale di tradizioni locali, un meta turistica, un&#8217;occasione di esperienza.<\/span><\/p>\n<p class=\"p1\"><span class=\"s1\" style=\"color: #333399;\">I visitatori arrivano in<span class=\"Apple-converted-space\">\u00a0 <\/span>un posto isolato ma con una brillante vita sociale dove si alternano feste e pranzi comuni, concerti fra residenti, jam session, cene intorno al camino, gite in montagna e al mare, o ai vicini tradizionali mercati, o alle sagre e feste dei paesi circostanti.<\/span><\/p>\n<p class=\"p1\"><span class=\"s1\" style=\"color: #333399;\">Un luogo di aggregazione sociale che funziona regolarmente e pu\u00f2 ospitare turisti da tutto il mondo.<\/span><\/p>\n<p class=\"p1\"><span class=\"s1\" style=\"color: #333399;\">Le persone si incontrano per parlare di yoga, api, teatro, musica, ecc. o per organizzare iniziative all\u2019interno della comunit\u00e0.<\/span><\/p>\n<p class=\"p1\"><span class=\"s1\" style=\"color: #333399;\">Si creano club privati, cene di gruppo, pasti comunitari, gruppi di meditazione, gruppi femminili, gruppi di gioco per i bambini, il brunch domenicale (\u201cbrunch\u201d unione della parola breakfast, colazione, con la parola lunch, pranzo che indica un pasto consumato a met\u00e0 tra l\u2019ora di colazione e quella del pranzo, solitamente la domenica quando ci si alza tardi) il mercato del sabato, la pallavolo, per la quale vengono a giocare anche dalla citt\u00e0 pi\u00f9 vicina, tennis-tavolo, cinema, musica, corsi, riunioni, gruppi di lavoro, feste\u2026.per non parlare del the offerto a qualcuno di passaggio per<span class=\"Apple-converted-space\">\u00a0 <\/span>una chiacchierata o per prendere in prestito, prestare o donare qualcosa.<\/span><\/p>\n<p class=\"p1\"><span class=\"s1\" style=\"color: #333399;\">Si vive un\u2019integrazione armoniosa con la natura, soddisfacendo sia i bisogni materiali che quelli non materiali.<\/span><\/p>\n<p class=\"p1\"><span class=\"s1\" style=\"color: #333399;\">Il tutto in un contesto di eco-sistema che ha la stabilit\u00e0, la diversit\u00e0 e la flessibilit\u00e0 degli ecosistemi naturali.<\/span><\/p>\n<p class=\"p1\"><span class=\"s1\" style=\"color: #333399;\">Il principio di riferimento \u00e8: massimo di osservazione e minimo di interferenza.<\/span><\/p>\n<p class=\"p1\"><span class=\"s1\" style=\"color: #333399;\">Devono essere individuati alcuni bisogni fondamentali a cui dare risposta: acqua, aria, cibo biologico e locale, espressione spirituale, integrazione sociale, lavoro che abbia un senso, giochi sicuri, adeguata abitazione.<\/span><\/p>\n<p class=\"p1\"><span class=\"s1\" style=\"color: #333399;\">Per i visitatori che giungono numerosi viene allestita un\u2019area appositamente attrezzata e con l\u2019organizzazione di visite guidate e corsi, oltre alle attivit\u00e0 comuni.<\/span><\/p>\n<p class=\"p1\"><span class=\"s1\" style=\"color: #333399;\">L\u2019aspettativa \u00e8 che i residenti rieduchino il loro consumo energetico.<\/span><\/p>\n<p class=\"p1\"><span class=\"s1\" style=\"color: #333399;\">La combinazione di design infrastrutturali e progetti educativi con il buon esempio di molti sar\u00e0 un vero successo.<\/span><\/p>\n<p class=\"p1\"><span class=\"s1\" style=\"color: #333399;\">In tutti i casi restauro dei fabbricati abbandonati e fatiscenti da attrezzare per i turisti che desiderino immergersi nella quotidianit\u00e0 di allora. Il fabbisogno energetico dell\u2019intero comprensorio, comprese le attivit\u00e0 produttive, soddisfatto gratuitamente da impianti alimentati da fonti rinnovabili.<\/span><\/p>\n<p class=\"p1\"><span class=\"s1\" style=\"color: #333399;\">Occorre un programma educativo per bambini ed adulti che offre anche consulenza per progetti eco-compatibili.<\/span><\/p>\n<p class=\"p1\"><span class=\"s1\" style=\"color: #333399;\">Si possono organizzare vendite per corrispondenza di prodotti della permacultura, libri e ortaggi biologici, ritiri salutari alternativi e la possibilit\u00e0 di seguire una variet\u00e0 di terapie complementari.<\/span><\/p>\n<p class=\"p1\"><span class=\"s1\" style=\"color: #333399;\">Un eco-villaggio costruito con i principi della permacultura, un<span class=\"Apple-converted-space\">\u00a0 <\/span>insediamento umano che risponde a un numero sempre maggiore di bisogni umani, sociali, spirituali, economici, di sostentamento, di riparo e di educazione.<span class=\"Apple-converted-space\">\u00a0\u00a0<\/span><\/span><\/p>\n","protected":false},"excerpt":{"rendered":"<p>Il nuovo modo di vivere. I progettisti di ogni singolo villaggio, per prima cosa identificano\u00a0 la serie di attivit\u00e0 extra professione e lavoro che dovranno occupare il tempo libero degli abitanti e che riguarderanno la sfera sociale e relazionale della futura comunit\u00e0. L&#8217;associazionismo, la famiglia, l&#8217;istruzione, gli hobby, gli sport, la ricerca e gli studi saranno incentivati. Con festival, con&#8230; <a href=\"https:\/\/www.ilpiccone.it\/index.php\/i-villaggi-star-trek\/\">Read more &raquo;<\/a><\/p>\n","protected":false},"author":1,"featured_media":0,"parent":0,"menu_order":0,"comment_status":"closed","ping_status":"closed","template":"","meta":[],"_links":{"self":[{"href":"https:\/\/www.ilpiccone.it\/index.php\/wp-json\/wp\/v2\/pages\/527"}],"collection":[{"href":"https:\/\/www.ilpiccone.it\/index.php\/wp-json\/wp\/v2\/pages"}],"about":[{"href":"https:\/\/www.ilpiccone.it\/index.php\/wp-json\/wp\/v2\/types\/page"}],"author":[{"embeddable":true,"href":"https:\/\/www.ilpiccone.it\/index.php\/wp-json\/wp\/v2\/users\/1"}],"replies":[{"embeddable":true,"href":"https:\/\/www.ilpiccone.it\/index.php\/wp-json\/wp\/v2\/comments?post=527"}],"version-history":[{"count":7,"href":"https:\/\/www.ilpiccone.it\/index.php\/wp-json\/wp\/v2\/pages\/527\/revisions"}],"predecessor-version":[{"id":861,"href":"https:\/\/www.ilpiccone.it\/index.php\/wp-json\/wp\/v2\/pages\/527\/revisions\/861"}],"wp:attachment":[{"href":"https:\/\/www.ilpiccone.it\/index.php\/wp-json\/wp\/v2\/media?parent=527"}],"curies":[{"name":"wp","href":"https:\/\/api.w.org\/{rel}","templated":true}]}}