



{"id":319,"date":"2015-05-25T15:13:54","date_gmt":"2015-05-25T14:13:54","guid":{"rendered":"http:\/\/www.ilpiccone.it\/?page_id=319"},"modified":"2015-11-15T18:19:24","modified_gmt":"2015-11-15T17:19:24","slug":"nuovi-principi-e-diritti","status":"publish","type":"page","link":"https:\/\/www.ilpiccone.it\/index.php\/approfondimenti\/nuovi-principi-e-diritti\/","title":{"rendered":"Nuovi principi e diritti"},"content":{"rendered":"<p><strong>Nuovi Principi e Diritti<br \/>\n<\/strong>La seguente <strong>premessa<\/strong> \u00e8 indispensabile, a nostro avviso, perch\u00e9 quanto appare nella realt\u00e0 quotidiana dimostra che anche quei principi che nel 1942 sembravano essere riconosciuti quali fondamentali per la Democrazia e diritti naturali di ogni uomo, risultano nel concreto calpestati ed ignorati.\u00a0Sono i Principi che trovano \u201ccittadinanza\u201d in tutte le Costituzioni delle Nazioni del globo.La difesa di detti principi diede vita alle Organizzazioni Internazionali e ai Patti tra Nazioni per l&#8217;Alleanza Militare Difensiva. Fu la reazione delle Nazioni democratiche liberali avverso le ideologie nazionaliste, autoritaristiche e dittatoriali in fase di espansione militare in Europa. La prima alleanza fu la Carta Atlantica firmata nel 1941 da Franclin Delano Roosevelt ,Presidente USA, e da Winston Churchill, Primo Ministro del Regno Unito, come base di alleanza militare contro Germania, Italia e Giappone. Tale Patto fu ripreso dalla Dichiarazione delle Nazioni Unite come sistema di sicurezza e di cooperazione internazionale , firmato da 26 Nazioni a conclusione della Conferenza di Mosca il 1\u00b0 Gennaio 1942. Alla fine della guerra ben 50 Nazioni parteciparono alla composizione dei centoundici articoli del testo della Dichiarazione delle Nazioni Unite che venne approvata e sottoscritta nel 1945. E&#8217; la nascita dell&#8217; ONU alleanza internazionale aperta a tutte le Nazioni del Mondo che si impegnarono a prevenire scontri armati tra Stati, e ad adoperarsi per mantenere la pace e per promuovere,<strong> nel rispetto delle sovranit\u00e0 nazionali<\/strong>, aiuti umanitari alle Nazioni in difficolt\u00e0. In seguito l&#8217;ONU organizz\u00f2 una completa rete di agenzie specializzate(\u00a7) per supervisionare il rispetto e le violazioni dei diritti umani in tutti gli stati aderenti. Stanti le macroscopiche violazioni di quei 111 <strong>principi <\/strong>e quindi dei <strong>corrispondenti diritti dell&#8217;Umanit\u00e0<\/strong> si comprender\u00e0 come la battaglia per la restaurazione della Democrazia in Italia, divenga una battaglia emblematica anche per l&#8217;Umanit\u00e0. Il progresso della Scienza e le attuali scoperte hanno posto in luce che que principi enunciati nel 1945 debbono essere ulteriormente ampliati e che i diritti vagamente indicati debbono stabilizzarsi concretamente per rendere la societ\u00e0 interna alla Nazione, armonica, giusta, pacifica e scevra da odi e da tensioni volta al rispetto e alla conservazione dell&#8217;ambiente.Da queste considerazioni \u00e8 stata formulata dai Centri Tematici di Studio delle Criticit\u00e0 <strong>la Carta dei nuovi Diritti Essenziali<br \/>\n<\/strong><br \/>\n<strong><a href=\"http:\/\/ilpiccone.it\/wp\/index.php\/ordinatori\/\">Ordinatori (\u00a71)<\/a><\/strong><strong><a href=\"152-i-principi-naturali.html\"><br \/>\n<\/a><\/strong><strong><a href=\"http:\/\/ilpiccone.it\/wp\/index.php\/nazionalita-e-proporzionalita-della-moneta\/\">Nazionalit\u00e0 e proporzionalit\u00e0 della moneta (\u00a72)<br \/>\n<\/a><\/strong><strong><a href=\"http:\/\/ilpiccone.it\/wp\/index.php\/principio-della-proprieta-popolare-dei-beni-e-delle-risorse-della-nazione\/\">Principio della propriet\u00e0 popolare dei beni e delle risorse della nazione (\u00a73)<\/a><br \/>\n<\/strong><strong><a href=\"http:\/\/ilpiccone.it\/wp\/index.php\/principio-del-diritto-alla-proprieta-privata\/\">Principio del Diritto alla propriet\u00e0 privata (\u00a74)<br \/>\n<\/a><\/strong><strong><a href=\"http:\/\/ilpiccone.it\/wp\/index.php\/principio-della-gratuita-dellenergia-e-suo-libero-utilizzo\/\">Principio della gratuit\u00e0 dell&#8217;energia e suo libero utilizzo (\u00a75)<\/a><br \/>\n<\/strong><strong><a href=\"http:\/\/ilpiccone.it\/wp\/index.php\/principio-della-verita-e-diritto-allaccertamento\/\">Principio della verit\u00e0 e diritto all&#8217;accertamento (\u00a76)<br \/>\n<\/a><\/strong><strong><a href=\"http:\/\/ilpiccone.it\/wp\/index.php\/principio-della-capitalizzazione-del-lavoro-2\/\">Principio della capitalizzazione del lavoro (\u00a77)<\/a><br \/>\n<\/strong><strong><a href=\"http:\/\/ilpiccone.it\/wp\/index.php\/principio-dellintervento-diretto-nelle-criticita\/\">Principio dell&#8217;intervento diretto nelle criticit\u00e0 (\u00a78)<\/a><br \/>\n<\/strong><strong><a href=\"http:\/\/ilpiccone.it\/wp\/index.php\/principio-della-certezza-e-tempestivita-di-intervento\/\">Principio della certezza e tempestivit\u00e0 di intervento (\u00a79)<\/a><\/strong><\/p>\n","protected":false},"excerpt":{"rendered":"<p>Nuovi Principi e Diritti La seguente premessa \u00e8 indispensabile, a nostro avviso, perch\u00e9 quanto appare nella realt\u00e0 quotidiana dimostra che anche quei principi che nel 1942 sembravano essere riconosciuti quali fondamentali per la Democrazia e diritti naturali di ogni uomo, risultano nel concreto calpestati ed ignorati.\u00a0Sono i Principi che trovano \u201ccittadinanza\u201d in tutte le Costituzioni delle Nazioni del globo.La difesa&#8230; <a href=\"https:\/\/www.ilpiccone.it\/index.php\/approfondimenti\/nuovi-principi-e-diritti\/\">Read more &raquo;<\/a><\/p>\n","protected":false},"author":1,"featured_media":0,"parent":110,"menu_order":0,"comment_status":"closed","ping_status":"closed","template":"page-templates\/full-width.php","meta":[],"_links":{"self":[{"href":"https:\/\/www.ilpiccone.it\/index.php\/wp-json\/wp\/v2\/pages\/319"}],"collection":[{"href":"https:\/\/www.ilpiccone.it\/index.php\/wp-json\/wp\/v2\/pages"}],"about":[{"href":"https:\/\/www.ilpiccone.it\/index.php\/wp-json\/wp\/v2\/types\/page"}],"author":[{"embeddable":true,"href":"https:\/\/www.ilpiccone.it\/index.php\/wp-json\/wp\/v2\/users\/1"}],"replies":[{"embeddable":true,"href":"https:\/\/www.ilpiccone.it\/index.php\/wp-json\/wp\/v2\/comments?post=319"}],"version-history":[{"count":36,"href":"https:\/\/www.ilpiccone.it\/index.php\/wp-json\/wp\/v2\/pages\/319\/revisions"}],"predecessor-version":[{"id":1196,"href":"https:\/\/www.ilpiccone.it\/index.php\/wp-json\/wp\/v2\/pages\/319\/revisions\/1196"}],"up":[{"embeddable":true,"href":"https:\/\/www.ilpiccone.it\/index.php\/wp-json\/wp\/v2\/pages\/110"}],"wp:attachment":[{"href":"https:\/\/www.ilpiccone.it\/index.php\/wp-json\/wp\/v2\/media?parent=319"}],"curies":[{"name":"wp","href":"https:\/\/api.w.org\/{rel}","templated":true}]}}