



{"id":306,"date":"2015-05-25T15:08:54","date_gmt":"2015-05-25T14:08:54","guid":{"rendered":"http:\/\/www.ilpiccone.it\/?page_id=306"},"modified":"2015-09-11T10:48:33","modified_gmt":"2015-09-11T09:48:33","slug":"i-golpisti","status":"publish","type":"page","link":"https:\/\/www.ilpiccone.it\/index.php\/approfondimenti\/le-correnti-trasversali\/i-golpisti\/","title":{"rendered":"I Golpisti"},"content":{"rendered":"<p><strong>I Complottisti<\/strong><\/p>\n<p class=\"p3\">Alcuni dei nostri associati per lo pi\u00f9 trasversalisti tra le varie associazioni<span class=\"Apple-converted-space\">\u00a0 <\/span>sono convinti dell&#8217;esistenza di societ\u00e0 segrete o logge che avrebbero da lungo tempo in atto progetti per la conquista del governo dell&#8217;intero globo. Li abbiamo compresi <b>nella categoria dei \u201cComplottisti\u201d<\/b> distinti a loro volta <b> in Catastrofisti, Favorevolisti ed Agniostici<\/b>. I complotti temuti o auspicati da costoro sono tantissimi, quali ad esempiose guenti: vanno dal<b> complotto sanitario al complotto dell&#8217;informazione subliminale e confluiscono poi quasi tutti nei <\/b>supposti concorrenti complotti<\/p>\n<p class=\"p3\"><b>\u201cComplotto monetario diretto alla conquista di ogni risorsa e ricchezza del globo\u201d<span class=\"Apple-converted-space\">\u00a0 <\/span>\u201c<span class=\"Apple-converted-space\">\u00a0 <\/span>\u201cComplotto neo colonialista volto a sfruttare le Nazioni e le loro risorse\u201d<\/b><\/p>\n<p class=\"p3\"><b>\u201cComplotto<\/b><span class=\"Apple-converted-space\">\u00a0 <\/span><b>della razza eletta per la conquista del mondo\u201d <\/b><\/p>\n<p class=\"p3\"><b>\u201cComplotto<span class=\"Apple-converted-space\">\u00a0 <\/span>di potenze extra-terrestri per la trasformazione del DNA<span class=\"Apple-converted-space\">\u00a0 <\/span>umano\u201d<\/b> <b> <\/b><\/p>\n<p class=\"p3\"><b>\u201cComplotto per la trasformazione del clima\u201d<\/b><\/p>\n<p class=\"p3\"><b>\u201cComplotto per il nuovo ordine mondiale\u201d<\/b><\/p>\n<p class=\"p3\"><b>E tutti<span class=\"Apple-converted-space\">\u00a0 <\/span>arricchiti da ulteriori numerosi complotti necessari e concorrenti<span class=\"Apple-converted-space\">\u00a0 <\/span>per la realizzazione del programma conclusivo quali il \u201ccomplotto recessione\u201d complotto disinformazione globale\u201d,\u201dcomplotto sanitario\u201d ecc. ecc.\u00a0<\/b><\/p>\n<p class=\"p3\"><b>I complottisti catastrofisti <\/b>qualunque complotto ritengano essere in atto,qualunque a loro avviso ne siano i promotori,<b> sarebbero <span class=\"Apple-converted-space\">\u00a0 <\/span>in danno<span class=\"Apple-converted-space\">\u00a0 <\/span>dell&#8217;umanit\u00e0.<\/b><\/p>\n<p class=\"p3\"><b>I favorevolisti<\/b> sono convinti del contrario, ad esempio \u201cI figli del Cosmo\u201d sono certi che le entit\u00e0 extra- terrestri, che a loro parere dirigerebbero con i vertici delle nazioni l&#8217;operazione genetica, stiano trasformando il DNA umano per realizzare una nuova umanit\u00e0 priva di cupidigia,<span class=\"Apple-converted-space\">\u00a0 <\/span>programmata per vivere in pace ed in armonia con gli ecosistemi naturali del pianeta che potrebbe essere migliorato con le tecnologie disponibili.<\/p>\n<p class=\"p3\"><b>Gli\u00a0agnostici, <\/b>che<b> <\/b>rappresentano il numero maggiore di associati, che considerano le teorie dei complottisti ipotesi, riscontrano i fatti concreti quali le criticit\u00e0 sociali ed ambientali, che per\u00f2<span class=\"Apple-converted-space\">\u00a0 <\/span>nulla di<span class=\"Apple-converted-space\">\u00a0<\/span>riscontrabile<em> portono<\/em> circa l&#8217;esistenza dei complotti e relative sette. Conseguentemente i complottisti sono genericamente inseriti tra gli idealisti come gli spiritualisti ed i trascendentalisti<b> le cui tesi<\/b>\u00a0<b> nessuno pu\u00f2 in concreto n\u00e9 provare n\u00e9 smentire.<\/b>\u00a0<b>\u00a0<\/b><\/p>\n<p class=\"p3\"><b>Per completezza<span class=\"Apple-converted-space\">\u00a0 <\/span>anche tra questi complottisti esistono catastrofisti e favorevolisti cos\u00ec come dimostrano \u201cI leoni\u201d.Tale associazione, ha raccolto l&#8217;adesione di numerosi associati, trasversalisti di altre associazioni aderenti, assertori del complotto del \u201cMale Assoluto\u201d contro \u201cil Bene Assoluto\u201d. <\/b>I Catastrofisti <b>sono convinti che i tempi futuri saranno spaventevoli come quelli descritti nell&#8217;Apocalisse di S.Giovanni Evangelista e quindi che pochi potranno assistere all&#8217;instaurazione del regno del Signore su questa terra. I favorevolisti<span class=\"Apple-converted-space\">\u00a0 <\/span>sono convinti che il Cristo instaurer\u00e0 nel mondo la Giustizia del Signore che \u00e8 l&#8217;Amore che tutto perdona e dimentica. <span class=\"Apple-converted-space\">\u00a0 \u00a0<\/span><\/b><\/p>\n<p align=\"JUSTIFY\">*******<\/p>\n<p align=\"JUSTIFY\">Si annida in ogni corrente di pensiero o di interesse intellettuale dei nostri aderenti. Le tesi dei Complottisti sono proteiformi e molteplici , talora la simbiosi tra alcuni aspetti dell&#8217;una e di altre. Resta per\u00f2 che tutte finiscono per identificare l&#8217;attuale situazione di sconquasso globalizzato quale risultato dell&#8217;attivit\u00e0 di complotti orditi da societ\u00e0 segrete o da super potentati internazionali o cosmici. Le tesi pi\u00f9 accreditate tra costoro ci risultano essere quella del \u201ccomplotto neo colonialista\u201d, del \u201ccomplotto Monetario internazionale\u201d,del \u201cComplotto per la globalizzazione delle risorse mondiali\u201d.Non ci si deve meravigliare che tra gli ufologi si sospettino \u201ccomplotti cosmici\u201d cos\u00ec come tra le correnti filosofiche, storiche e religiose si annidino teorici complottisti della \u201cMenzogna Male Supremo contro la Verit\u00e0 Bene Supremo\u201d o del \u201cMale Assoluto contro il Bene Assoluto\u201d quando non anche ravvisino nei fatti quotidiani i segnali dello \u201cscontro finale del \u201cCristo con l&#8217;AntiCristo\u201d profetizzato nell&#8217;Apocalisse dall&#8217;Evangelista Giovanni. <strong>Le correnti trasversali non hanno importanza per la nostra Associazione, n\u00e9 per la nostra compattezza stante che gli associati sono compatti al 100% per il raggiungimento dello scopo e per la messa in atto delle strategie condividendo in pieno la diagnosi del MORBO, causa di tutti i sintomi dello sconquasso e sono decisi a re instaurare\u00a0i Diritti e i Valori garantitici dalla Costituzione\u00a0<\/strong><\/p>\n<p class=\"p1\">\n","protected":false},"excerpt":{"rendered":"<p>I Complottisti Alcuni dei nostri associati per lo pi\u00f9 trasversalisti tra le varie associazioni\u00a0 sono convinti dell&#8217;esistenza di societ\u00e0 segrete o logge che avrebbero da lungo tempo in atto progetti per la conquista del governo dell&#8217;intero globo. Li abbiamo compresi nella categoria dei \u201cComplottisti\u201d distinti a loro volta in Catastrofisti, Favorevolisti ed Agniostici. I complotti temuti o auspicati da costoro&#8230; <a href=\"https:\/\/www.ilpiccone.it\/index.php\/approfondimenti\/le-correnti-trasversali\/i-golpisti\/\">Read more &raquo;<\/a><\/p>\n","protected":false},"author":1,"featured_media":0,"parent":304,"menu_order":0,"comment_status":"closed","ping_status":"closed","template":"","meta":[],"_links":{"self":[{"href":"https:\/\/www.ilpiccone.it\/index.php\/wp-json\/wp\/v2\/pages\/306"}],"collection":[{"href":"https:\/\/www.ilpiccone.it\/index.php\/wp-json\/wp\/v2\/pages"}],"about":[{"href":"https:\/\/www.ilpiccone.it\/index.php\/wp-json\/wp\/v2\/types\/page"}],"author":[{"embeddable":true,"href":"https:\/\/www.ilpiccone.it\/index.php\/wp-json\/wp\/v2\/users\/1"}],"replies":[{"embeddable":true,"href":"https:\/\/www.ilpiccone.it\/index.php\/wp-json\/wp\/v2\/comments?post=306"}],"version-history":[{"count":4,"href":"https:\/\/www.ilpiccone.it\/index.php\/wp-json\/wp\/v2\/pages\/306\/revisions"}],"predecessor-version":[{"id":929,"href":"https:\/\/www.ilpiccone.it\/index.php\/wp-json\/wp\/v2\/pages\/306\/revisions\/929"}],"up":[{"embeddable":true,"href":"https:\/\/www.ilpiccone.it\/index.php\/wp-json\/wp\/v2\/pages\/304"}],"wp:attachment":[{"href":"https:\/\/www.ilpiccone.it\/index.php\/wp-json\/wp\/v2\/media?parent=306"}],"curies":[{"name":"wp","href":"https:\/\/api.w.org\/{rel}","templated":true}]}}