



{"id":25,"date":"2015-04-21T03:17:54","date_gmt":"2015-04-21T03:17:54","guid":{"rendered":"http:\/\/www.ilpiccone.it\/?page_id=25"},"modified":"2016-10-08T16:02:06","modified_gmt":"2016-10-08T15:02:06","slug":"aderisci","status":"publish","type":"page","link":"https:\/\/www.ilpiccone.it\/index.php\/aderisci\/","title":{"rendered":"Collabora"},"content":{"rendered":"<p style=\"text-align: justify;\" align=\"JUSTIFY\">Noi riteniamo utile a favorire la sottoscrizione dei Mandati Imperativi e prudente anche iniziare l&#8217;attuazione del Programma Alternativo di &#8220;RIVOLUZIONE COSTITUZIONALE DEMOCRATICA&#8221; che prevede &#8216;iscrizione all&#8217; Associazione il Piccone o la sottoscrizione della &#8220;DICHIARAZIONE DI INDIPENDENZA&#8221;o &#8220;DICHIARAZIONE DI ASTENSIONISMO ELETTORALE E DISSIDENZA&#8221;.<\/p>\n<p style=\"text-align: justify;\" align=\"JUSTIFY\">Per chi non volesse iscriversi alla nostra associazione ma concorda il nostro pensiero e vuole solo sottoscrivere una o entrambe le sopra citate dichiarazioni pu\u00f2 farlo scaricandole ( in fondo alla pagina ) cliccandoci sopra e stampandole, in seguito inviarcele firmate con copia di documento di identit\u00e0 a:<br \/>\n<strong><span lang=\"it-IT\"><a href=\"mailto:info@ilpiccone.it\">info@ilpiccone.it<\/a> o tramite posta scrivendo alla:<br \/>\nSig.ra Lilli Scavo Segreteria Direzione Organizzativa<br \/>\nVia Papa Giovanni 23\u00b0 n.4 &#8211; Ozzano dell&#8217;Emilia 40064 (BO) tel.3468662301<\/span><\/strong><\/p>\n<p style=\"text-align: justify;\"><em>COME CI SI ISCRIVE AL MOVIMENTO\u00a0 O\u00a0\u00a0 SI PARTECIPA\u00a0 ALLE\u00a0 ALTRE INIZIATIVE CONCRETE.<br \/>\n<\/em>L&#8217;associazione Il Piccone \u00e8 apartitica ma politica e\u00a0 prevede l&#8217;iscrizione\u00a0 di chiunque sia convinto che occorra\u00a0 affrontare i veri mali che hanno trasformato la Repubblica Democratica Italiana in Tirannide ed impedire la prosecuzione della politica economica della dismissione e dei\u00a0 beni e delle risorse nazionali.\u00a0 Chi si iscrive deve avere aver constatato che oggi il Popolo Sovrano \u00e8 privato dei diritti naturali, umani, civili e della sua Sovranit\u00e0 che non pu\u00f2 pi\u00f9 esprimere perch\u00e9 illegittimamente gestita dai segretari dei partiti e dalle istituzioni golpiste. Chi si iscrive deve aver ben chiaro in mente che l&#8217;Associazione intende lottare non solo per la Patria ma per la Democrazia\u00a0 e la sua concreta e reale attuazione sempre negata dai Partiti. Che sia determinato a partecipare attivamente\u00a0 alla diffusione dello\u00a0 scopo dell&#8217;Associazione volta a promuovere la Riforma Costituzionale che impedisca che in futuro si ripeta quanto accaduto e che\u00a0una legge elettorale rispettosa dei principi democratici che escluda la possibilit\u00e0 ai bari di servirsi di risultati elettorali drogati.<br \/>\nL&#8217; iscrizione all&#8217;associazione Partito il Piccone oltre che alla condivisione di almeno uno o pi\u00f9 dei fini dell&#8217;associazione vale anche come sottoscrizione della \u201cdichiarazione di indipendenza\u201d e della \u201cdichiarazione di dissociazione dalla politica in corso di attuazione\u201d. Chi non ritenga di iscriversi \u00e8 pregato di considerare le altre due proposte concrete\u00a0 seguendo gli approfondimenti,<\/p>\n<p style=\"text-align: justify;\"><strong><a title=\"Iscrizione all\u2019Associazione\" href=\"http:\/\/ilpiccone.it\/wp\/index.php\/aderisci\/51-2\/\" target=\"_blank\">Iscrizione all&#8217;associazione<br \/>\n<\/a><\/strong><strong>Dichiarazione di indipendenza\u00a0(\u00a0PDF scaricabile<\/strong><strong>\u00a0) \u00a0DISPONIBILE A BREVE<br \/>\n<\/strong><strong>Dichiarazione di dissociazione o astensionismo elettorale\u00a0(\u00a0PDF scaricabile )\u00a0<strong>DISPONIBILE A BREVE<\/strong><\/strong><\/p>\n","protected":false},"excerpt":{"rendered":"<p>Noi riteniamo utile a favorire la sottoscrizione dei Mandati Imperativi e prudente anche iniziare l&#8217;attuazione del Programma Alternativo di &#8220;RIVOLUZIONE COSTITUZIONALE DEMOCRATICA&#8221; che prevede &#8216;iscrizione all&#8217; Associazione il Piccone o la sottoscrizione della &#8220;DICHIARAZIONE DI INDIPENDENZA&#8221;o &#8220;DICHIARAZIONE DI ASTENSIONISMO ELETTORALE E DISSIDENZA&#8221;. Per chi non volesse iscriversi alla nostra associazione ma concorda il nostro pensiero e vuole solo sottoscrivere una&#8230; <a href=\"https:\/\/www.ilpiccone.it\/index.php\/aderisci\/\">Read more &raquo;<\/a><\/p>\n","protected":false},"author":1,"featured_media":0,"parent":0,"menu_order":1,"comment_status":"closed","ping_status":"closed","template":"page-templates\/full-width.php","meta":[],"_links":{"self":[{"href":"https:\/\/www.ilpiccone.it\/index.php\/wp-json\/wp\/v2\/pages\/25"}],"collection":[{"href":"https:\/\/www.ilpiccone.it\/index.php\/wp-json\/wp\/v2\/pages"}],"about":[{"href":"https:\/\/www.ilpiccone.it\/index.php\/wp-json\/wp\/v2\/types\/page"}],"author":[{"embeddable":true,"href":"https:\/\/www.ilpiccone.it\/index.php\/wp-json\/wp\/v2\/users\/1"}],"replies":[{"embeddable":true,"href":"https:\/\/www.ilpiccone.it\/index.php\/wp-json\/wp\/v2\/comments?post=25"}],"version-history":[{"count":5,"href":"https:\/\/www.ilpiccone.it\/index.php\/wp-json\/wp\/v2\/pages\/25\/revisions"}],"predecessor-version":[{"id":1244,"href":"https:\/\/www.ilpiccone.it\/index.php\/wp-json\/wp\/v2\/pages\/25\/revisions\/1244"}],"wp:attachment":[{"href":"https:\/\/www.ilpiccone.it\/index.php\/wp-json\/wp\/v2\/media?parent=25"}],"curies":[{"name":"wp","href":"https:\/\/api.w.org\/{rel}","templated":true}]}}