



{"id":1628,"date":"2016-02-08T18:18:05","date_gmt":"2016-02-08T17:18:05","guid":{"rendered":"http:\/\/ilpiccone.it\/wp\/?page_id=1628"},"modified":"2016-10-06T17:23:53","modified_gmt":"2016-10-06T16:23:53","slug":"pier-santi-mattarella","status":"publish","type":"page","link":"https:\/\/www.ilpiccone.it\/index.php\/pier-santi-mattarella\/","title":{"rendered":"Pier Santi Mattarella"},"content":{"rendered":"<p class=\"p1\">Secondo genito di Bernardo Mattarella*,\u00a0politico <span class=\"s1\">Dc n<\/span>acque a Castellammare del Golfo il 24\/05\/1835. Frequent\u00f2 istituti scolastici in Roma, consegu\u00ec la laurea in legge e si dedic\u00f2 all&#8217;insegnamento ottenendo una cattedra universitaria a Palermo. Si inser\u00ec ben presto nell&#8217;Azione Cattolica dove occup\u00f2 incarichi nazionali. Essendo suo padre Bernardo amico di Alcide De Gasperi e<span class=\"Apple-converted-space\">\u00a0 <\/span>Don Sturzo ed avendo con loro fondato la Dc,<span class=\"Apple-converted-space\">\u00a0 <\/span>vi si iscrisse ed inizi\u00f2 la carriera politica in Sicilia divenendo nel 1978 presidente di una coalizione di centro sinistra con l&#8217;appoggio esterno del Pc. Seguendo le orme del padre in seno al partito era seguace dell&#8217;On. Giorgio La Pira e<span class=\"Apple-converted-space\">\u00a0 <\/span>si era avvicinato alla corrente dell&#8217;On. Aldo Moro e di poi come il padre Bernardo fu amico del Segretario Nazionale Dc Zaccagnini. Lo Staff<span class=\"Apple-converted-space\">\u00a0<\/span>dell&#8217;On.Bernardo coinvolgeva ogni aspetto politico, economico e sociale della Sicilia del nord ovest ed era fortemente sorretto in ambito nazionale essendo la forza coagulante degli interessi particolari degli Staff settoriali degli iscritti. Amicizie storiche, rafforzate dalla comune adesione al partito e dalla partecipazione all&#8217;Azione cattolica ne<span class=\"Apple-converted-space\">\u00a0 <\/span>legavano i componenti tra loro. Questo per quanto riguarda la famiglia Mattarella e la famiglia del Prof. Lauro Chiazzese* di cui due figlie sposarono i due fratelli Mattarella. Piersanti infatti<span class=\"Apple-converted-space\">\u00a0 <\/span>convol\u00f2 a giuste nozze con la collega professoressa universitaria Irma Chiazzese,<span class=\"Apple-converted-space\">\u00a0 <\/span>mentre Luigi spos\u00f2 la professoressa Marisa.<br \/>\nDal matrimonio di Piersanti nacquero Maria e Bernardo.<br \/>\nL&#8217;attivit\u00e0 politica svolta da Piersanti Mattarella nella Regione siciliana apparve dirompente quando nel 1978 a villa Igea, alla Conferenza dell&#8217;agricoltura, sostenne il deputato Pci Pio La Torre*, intervenuto quale rappresentante responsabile dell&#8217;Ufficio Agrario di Palermo<span class=\"Apple-converted-space\">\u00a0 <\/span>che attacc\u00f2 l&#8217;operato dell&#8217;assessore Giuseppe Aleppo* accusato di usare i finanziamenti pubblici agli agricoltori a scopo clientelare. L&#8217;apertura a sinistra dell&#8217;On.Moro aveva originato all&#8217;interno dei partiti correnti di uomini onesti, intenzionati a moralizzare la politica cominciando dal proprio partito. <span class=\"Apple-converted-space\">\u00a0 <\/span>Il giorno 06\/01\/1980, L&#8217;On. Piersanti Mattarella, Presidente della Regione Sicilia, f\u00f9 assassinato.<span class=\"Apple-converted-space\">\u00a0 <\/span>Qualche tempo prima aveva segnalato al Segretario nazionale Dc Zaccagnini la necessit\u00e0 di<span class=\"Apple-converted-space\">\u00a0 <\/span>commissariare il Comitato provinciale di Palermo. Risultava infatti che l&#8217;On. Salvo Lima referente della corrente emergente<span class=\"Apple-converted-space\">\u00a0 <\/span>andreottiana e<span class=\"Apple-converted-space\">\u00a0 <\/span>l&#8217;ex sindaco di Palermo<span class=\"Apple-converted-space\">\u00a0 <\/span>Vito Ciancimino, referente politico del boss dei \u201cCorleonesi\u201d avevano concluso un accordo di valenza elettorale. La politica moralizzatrice fu appoggiata dalla direzione DC nazionale ,dal Ministro dell&#8217;interno Rognoni e dalla corrente morotea di Zaccagnini per la lotta alle mafie e da esponenti PCI favorevoli al compromesso storico quali Pio La Torre. <span class=\"Apple-converted-space\">\u00a0 <\/span>Il giorno successivo al delitto, Leonardo Sciascia, ne ipotizz\u00f2 l&#8217;origine mafiosa. La Procura di Palermo, indirizz\u00f2 le indagini verso l&#8217;origine politica cos\u00ec come fece nel corso degli anni con<span class=\"Apple-converted-space\">\u00a0 <\/span>gli omicidi di Michele Reina, segretario provinciale Dc,<span class=\"Apple-converted-space\">\u00a0 <\/span>di Pio La Torre e del suo amico e autista Rosario di Salvo. La requisitoria di Giovanni Falcone dopo 11 anni di<span class=\"Apple-converted-space\">\u00a0 <\/span>indagini, depositata il 09\/03\/ 1991 concluse accusando <span class=\"Apple-converted-space\">\u00a0 <\/span>quali esecutori materiali dell&#8217;omicidio Giuseppe Valerio Fioravanti e Gilberto Cavallina dei NAR e quali fiancheggiatori Francesco Mangiameli e Gabriele De Francisci del FUA e quali mandanti<span class=\"Apple-converted-space\">\u00a0 <\/span>i Boss<span class=\"Apple-converted-space\">\u00a0 <\/span>della \u201cCommissione Mafiosa\u201d. La definitiva sentenza di Cassazione<span class=\"Apple-converted-space\">\u00a0 <\/span>condann\u00f2<span class=\"Apple-converted-space\">\u00a0 <\/span>all&#8217;ergastolo<span class=\"Apple-converted-space\">\u00a0 <\/span>diversi mafiosi mentre assolse, per non aver commesso il fatto, Giuseppe Valerio Fioravanti. Completamente inutili e disattese per la Cassazione le condanne inflitte nei precedenti gradi di giudizio, l&#8217;accusa del fratello<span class=\"Apple-converted-space\">\u00a0 <\/span>stesso del Fioravanti e la testimonianza della vedova <span class=\"Apple-converted-space\">\u00a0 <\/span>Irma<span class=\"Apple-converted-space\">\u00a0 <\/span>Mattarella che lo riconobbe. L&#8217;iter processuale che segu\u00ec alla prima sentenza sar\u00e0 oggetto di argomenti trattati nel capitolo \u201cMala Giustizia\u201d in assemblaggio. Per quanto riguarda<span class=\"Apple-converted-space\">\u00a0 <\/span>Piersanti Mattarella \u00e8 nostro convincimento che f\u00f9 un dichiarato ed inflessibile antagonista del sistema politico mafioso nel quale si era trovato inserito. La sua onest\u00e0 e la morale<span class=\"Apple-converted-space\">\u00a0 <\/span>cristiana lo fecero combattere il male nel suo partito, prima di pensare alle mafie degli altri.<br \/>\nDi lui l&#8217;On. Piero Grasso nel libro \u201cPer non morire di Mafia\u201d scrisse &#8230;\u201dstava provando a realizzare un nuovo progetto politico amministrativo, un&#8217;autentica rivoluzione.La sua politica di radicale moralizzazione della vita pubblica, secondo lo slogan che la Sicilia doveva mostrarsi con le carte in regola, aveva turbato il sistema degli appalti pubblici<span class=\"Apple-converted-space\">\u00a0 <\/span>con gesti clamorosi mai attuati nell&#8217;isola.\u201d<span class=\"Apple-converted-space\">\u00a0 <\/span>Il magistrato<span class=\"Apple-converted-space\">\u00a0 <\/span>Giancarlo Caselli ex procuratore della Repubblica presso il tribunale di Palermo, intervistato dal quotidiano \u201cla Repubblica\u201d il giorno 12 agosto 1997,<span class=\"Apple-converted-space\">\u00a0 <\/span>afferm\u00f2: \u201cPiersanti Mattarella , un democristiano onesto e coraggioso, ucciso proprio perch\u00e9 onesto e coraggioso.\u201d<br \/>\nI nostri storici hanno concluso che tanto il Caselli quanto il Grasso quanto<span class=\"Apple-converted-space\">\u00a0 <\/span>il Falcone, Paolo Borsellino e tutti gli altri magistrati onesti impegnati a contrastare lo strapotere della mafia, siano giunti alla conclusione alla quale giunse \u201cil prefetto di ferro\u201d Cesare Primo Mori. Costui ingaggiato da Mussolini per eliminare la mafia siciliana ed osannato per le iniziative intraprese ed i risultati ottenuti li ridimension\u00f2 scrivendo che si limitavano a spedire camionate di disperati in carcere, e che per la guerra alla mafia sarebbe stato necessario oltre che fare rastrellamenti tra i fichi d&#8217;india, anche<span class=\"Apple-converted-space\">\u00a0 <\/span>effettuare indagini nelle questure, nei palazzi padronali e nei ministeri. Oggi quel che allora poteva bastare \u00e8 troppo poco<span class=\"Apple-converted-space\">\u00a0 <\/span>occorre molto di pi\u00f9. Ne parler\u00e0 il capitolo: \u201cDisgregare l&#8217;omert\u00e0\u201d.<\/p>\n","protected":false},"excerpt":{"rendered":"<p>Secondo genito di Bernardo Mattarella*,\u00a0politico Dc nacque a Castellammare del Golfo il 24\/05\/1835. Frequent\u00f2 istituti scolastici in Roma, consegu\u00ec la laurea in legge e si dedic\u00f2 all&#8217;insegnamento ottenendo una cattedra universitaria a Palermo. Si inser\u00ec ben presto nell&#8217;Azione Cattolica dove occup\u00f2 incarichi nazionali. Essendo suo padre Bernardo amico di Alcide De Gasperi e\u00a0 Don Sturzo ed avendo con loro fondato&#8230; <a href=\"https:\/\/www.ilpiccone.it\/index.php\/pier-santi-mattarella\/\">Read more &raquo;<\/a><\/p>\n","protected":false},"author":1,"featured_media":0,"parent":0,"menu_order":0,"comment_status":"closed","ping_status":"closed","template":"","meta":[],"_links":{"self":[{"href":"https:\/\/www.ilpiccone.it\/index.php\/wp-json\/wp\/v2\/pages\/1628"}],"collection":[{"href":"https:\/\/www.ilpiccone.it\/index.php\/wp-json\/wp\/v2\/pages"}],"about":[{"href":"https:\/\/www.ilpiccone.it\/index.php\/wp-json\/wp\/v2\/types\/page"}],"author":[{"embeddable":true,"href":"https:\/\/www.ilpiccone.it\/index.php\/wp-json\/wp\/v2\/users\/1"}],"replies":[{"embeddable":true,"href":"https:\/\/www.ilpiccone.it\/index.php\/wp-json\/wp\/v2\/comments?post=1628"}],"version-history":[{"count":4,"href":"https:\/\/www.ilpiccone.it\/index.php\/wp-json\/wp\/v2\/pages\/1628\/revisions"}],"predecessor-version":[{"id":1856,"href":"https:\/\/www.ilpiccone.it\/index.php\/wp-json\/wp\/v2\/pages\/1628\/revisions\/1856"}],"wp:attachment":[{"href":"https:\/\/www.ilpiccone.it\/index.php\/wp-json\/wp\/v2\/media?parent=1628"}],"curies":[{"name":"wp","href":"https:\/\/api.w.org\/{rel}","templated":true}]}}