



{"id":1596,"date":"2016-01-14T17:43:22","date_gmt":"2016-01-14T16:43:22","guid":{"rendered":"http:\/\/ilpiccone.it\/wp\/?page_id=1596"},"modified":"2016-04-12T10:55:49","modified_gmt":"2016-04-12T09:55:49","slug":"giudeppe-casarrubbea","status":"publish","type":"page","link":"https:\/\/www.ilpiccone.it\/index.php\/giudeppe-casarrubbea\/","title":{"rendered":"Giuseppe Casarrubbea"},"content":{"rendered":"<p class=\"p1\">Il prof. Giuseppe Casarrubbea<span class=\"Apple-converted-space\">\u00a0 <\/span>nacque a<span class=\"Apple-converted-space\">\u00a0 <\/span>Partinico il 4\/3\/1946<span class=\"Apple-converted-space\">\u00a0 <\/span>ed ivi \u00e8 deceduto il 7\/6\/2015.<br \/>\nFamoso ed autorevole<span class=\"Apple-converted-space\">\u00a0 <\/span>storico,<span class=\"Apple-converted-space\">\u00a0 <\/span>fondatore dell&#8217;archivio <span class=\"Apple-converted-space\">\u00a0 <\/span>dedicato<span class=\"Apple-converted-space\">\u00a0 <\/span>alla memoria del padre, vittima della mafia reazionaria, ha raccolto documenti attinenti al fenomeno mafia tratti dagli archivi inglesi,sloveni, da quelli dei servizi segreti di Budapest e persino da quelli del SIS* ( servizio informazione e sicurezza) oltre che<span class=\"Apple-converted-space\">\u00a0 <\/span>dai fascicoli istruttorii e dibattimentali di tanti processi politici dal 1945 in poi. Ha acquisito documenti desecretati<span class=\"Apple-converted-space\">\u00a0 <\/span>dagli archivi di Stato, e raccolte monografiche dettagliatissime dei fatti ed antefatti cronologicamente considerati<span class=\"Apple-converted-space\">\u00a0 <\/span>e<span class=\"Apple-converted-space\">\u00a0 <\/span>dei personaggi<span class=\"Apple-converted-space\">\u00a0 <\/span>storici e politici che agirono a<span class=\"Apple-converted-space\">\u00a0 <\/span>tutti i livelli dal 1943 in poi. E&#8217; certamente<span class=\"Apple-converted-space\">\u00a0 <\/span>profondo conoscitore di ogni aspetto del fenomeno \u201cmafia siciliana\u201d attendibilissimo e documentatissimo,<br \/>\nA seguito dell&#8217;elezione del Neo<span class=\"Apple-converted-space\">\u00a0 <\/span>Presidente Sergio Mattarella, il Prof.Casarrubbea gli scrisse<span class=\"Apple-converted-space\">\u00a0 <\/span>un messaggio augurale nel quale,<span class=\"Apple-converted-space\">\u00a0 <\/span>dopo ad aver<span class=\"Apple-converted-space\">\u00a0 <\/span>sottolineato che non sempre e non tutto quanto appare nelle sentenze \u00e8 Verit\u00e0, lo ha invitato a riabilitare la figura di Danilo Dolci**, stimato e valente sociologo, che<span class=\"Apple-converted-space\">\u00a0 <\/span>per tutta la vita combatte la mafia e che fu condannato per diffamazione dell&#8217;On. Bernardo Mattarella. <span class=\"Apple-converted-space\">\u00a0 <\/span>Il<span class=\"Apple-converted-space\">\u00a0 <\/span>messaggio di persona tanto qualificata al Neo Presidente per noi<span class=\"Apple-converted-space\">\u00a0 <\/span>acquist\u00f2 il valore di una richiesta<span class=\"Apple-converted-space\">\u00a0 <\/span>di grazia e di giustizia, anche se la condanna, a seguito del condono, non fu espiata.<br \/>\nDa notare che<span class=\"Apple-converted-space\">\u00a0 <\/span>nei nostri archivi e in quello del Casarrubbea appaiono documenti e relazioni di servizio persino dei CC e della polizia di stato, oltre a relazioni dei servizi segreti italiani e stranieri che segnalano l&#8217;On Bernardo Mattarella* tra gli esponenti delle Istituzioni e dei dirigenti <span class=\"s1\">DC<\/span> che<span class=\"Apple-converted-space\">\u00a0 <\/span>parteciparono a cene ed incontri coi boss mafiosi dei collegi elettorali siciliani e tra quelli in odore di stretti contatti con lo stragista Salvatore Giuliano nel 1947. <span class=\"Apple-converted-space\"><br \/>\n<\/span>Il Casarrubbea pur essendo<span class=\"Apple-converted-space\">\u00a0 <\/span>schierato sul fronte diametralmente opposto alla nostra iniziale trincea,<span class=\"Apple-converted-space\">\u00a0 <\/span>col<span class=\"Apple-converted-space\">\u00a0 <\/span>suo Archivio Storico ci disarm\u00f2, ci forn\u00ec la conferma documentale di notizie che confermavano la veridicit\u00e0 delle nostre fonti.\u00a0Oggi pi\u00f9 che mai possiamo dire che \u00e8 stato uno Storico valentissimo, un ricercatore accurato ed obiettivo, amante della Verit\u00e0*,un vero uomo di grande sensibilit\u00e0 profondamente fedele alla sua terra ed al popolo siciliano. Lascia il suo preziosissimo Archivio Storico che \u00e8 in corso di catalogazione e digitalizzazione ed i sentimenti ed i valori che riusciva a trasmettere a chi ha avuto la fortuna di conoscerlo. Sappiamo che il lavoro di tutta la sua vita non andr\u00e0 perso e<span class=\"Apple-converted-space\">\u00a0 <\/span>raggiunger\u00e0 il<span class=\"Apple-converted-space\">\u00a0 <\/span>fine voluto.<br \/>\nInsieme a tutti gli altri archivi delle tante persone oneste esporr\u00e0 i mafiosi storici, i loro eredi ed affiliati alla luce del sole.<br \/>\nLe mafie come i vampiri diverranno cenere.<br \/>\nCirca Giuseppe Casarrubbea non ci risulta che mai sia stato sospettato da nessuno di collusioni mafiose, anche se da correnti estremiste storico fasciste<span class=\"Apple-converted-space\">\u00a0 <\/span>talora<span class=\"Apple-converted-space\">\u00a0 <\/span>f\u00f9 ritenuto<span class=\"Apple-converted-space\">\u00a0 <\/span>condizionato dai sentimenti antifascisti e quindi obiettivo solo in parte.<span class=\"Apple-converted-space\">\u00a0 <\/span>Cosa che pu\u00f2 essere accaduta fino a quando la desecretazione parziale degli archivi<span class=\"Apple-converted-space\">\u00a0 <\/span>stranieri chiar\u00ec parte<span class=\"Apple-converted-space\">\u00a0 <\/span>dei depistaggi e dei segreti politici italiani. Non ci risulta che abbia evitato di acquisire o rendere noto tutto quanto sapeva<span class=\"Apple-converted-space\">\u00a0 <\/span>essere vero come dimostrano le<span class=\"Apple-converted-space\">\u00a0<\/span>i risultati delle sue ricerche circa \u201cFra Diavolo\u201d alias Salvatore Ferreri**.<b> <\/b><\/p>\n","protected":false},"excerpt":{"rendered":"<p>Il prof. Giuseppe Casarrubbea\u00a0 nacque a\u00a0 Partinico il 4\/3\/1946\u00a0 ed ivi \u00e8 deceduto il 7\/6\/2015. Famoso ed autorevole\u00a0 storico,\u00a0 fondatore dell&#8217;archivio \u00a0 dedicato\u00a0 alla memoria del padre, vittima della mafia reazionaria, ha raccolto documenti attinenti al fenomeno mafia tratti dagli archivi inglesi,sloveni, da quelli dei servizi segreti di Budapest e persino da quelli del SIS* ( servizio informazione e sicurezza)&#8230; <a href=\"https:\/\/www.ilpiccone.it\/index.php\/giudeppe-casarrubbea\/\">Read more &raquo;<\/a><\/p>\n","protected":false},"author":1,"featured_media":0,"parent":0,"menu_order":0,"comment_status":"closed","ping_status":"closed","template":"page-templates\/full-width.php","meta":[],"_links":{"self":[{"href":"https:\/\/www.ilpiccone.it\/index.php\/wp-json\/wp\/v2\/pages\/1596"}],"collection":[{"href":"https:\/\/www.ilpiccone.it\/index.php\/wp-json\/wp\/v2\/pages"}],"about":[{"href":"https:\/\/www.ilpiccone.it\/index.php\/wp-json\/wp\/v2\/types\/page"}],"author":[{"embeddable":true,"href":"https:\/\/www.ilpiccone.it\/index.php\/wp-json\/wp\/v2\/users\/1"}],"replies":[{"embeddable":true,"href":"https:\/\/www.ilpiccone.it\/index.php\/wp-json\/wp\/v2\/comments?post=1596"}],"version-history":[{"count":11,"href":"https:\/\/www.ilpiccone.it\/index.php\/wp-json\/wp\/v2\/pages\/1596\/revisions"}],"predecessor-version":[{"id":1708,"href":"https:\/\/www.ilpiccone.it\/index.php\/wp-json\/wp\/v2\/pages\/1596\/revisions\/1708"}],"wp:attachment":[{"href":"https:\/\/www.ilpiccone.it\/index.php\/wp-json\/wp\/v2\/media?parent=1596"}],"curies":[{"name":"wp","href":"https:\/\/api.w.org\/{rel}","templated":true}]}}