



{"id":1572,"date":"2016-01-14T16:13:08","date_gmt":"2016-01-14T15:13:08","guid":{"rendered":"http:\/\/ilpiccone.it\/wp\/?page_id=1572"},"modified":"2016-01-14T16:51:02","modified_gmt":"2016-01-14T15:51:02","slug":"benigno-zaccagnini-i-misteri","status":"publish","type":"page","link":"https:\/\/www.ilpiccone.it\/index.php\/benigno-zaccagnini-i-misteri\/","title":{"rendered":"BENIGNO ZACCAGNINI"},"content":{"rendered":"<p style=\"text-align: justify;\">Acceso e dichiarato antifascista, Benigno Zaccagnini f\u00f9 uno dei fondatori della Democrazia\u00a0Cristiana.\u00a0Dopo l&#8217;8 settembre 1943 entr\u00f2 nella Resistenza tra le file dei Partigiani \u201cbianchi\u201d di\u00a0ispirazione cattolica.\u00a0Combattente determinato divenne amico di Arrigo Boldrini comandante delle brigate comuniste, e concordi operarono militarmente per la liberazione della Romagna.\u00a0Membro dell&#8217;Assemblea Costituente, fu eletto deputato DC dal 1948 fino al 1979. \u00a0Dal 1983 fino alla morte fu senatore.<br \/>\nNel 1972 ader\u00ec alla corrente di sinistra Dc dell&#8217;On. Aldo Moro del quale era discepolo ed\u00a0amico da anni. Nel 1975 f\u00f9 nominato segretario nazionale della Democrazia Cristiana. \u00a0Nel 1978, durante il rapimento dell&#8217;On. Moro, il reato di sequestro di persona era di esclusiva competenza della Magistratura ordinaria. Infatti, scoperta\u00a0 la \u201cprigione\u201dnella quale era ristretto il sequestrato, la legge disponeva che il Giudice Istruttore, sentito il PM ordinasse alle forze di polizia l&#8217;uso delle armi per liberarlo(\u00a7). A pochi giorni dal sequestro era gia&#8217; stato localizzato il \u201ccovo delle BR\u201d di via Montalcini n.18, prigione dell&#8217;On. Moro, monitorata con video camere, microfoni direzionali e posta sotto continuo controllo dall&#8217;UCIGOS dal SISMI dal SISDE oltre a squadre speciali della Polizia di Stato e dei Carabinieri. Alcuni addetti ai lavori sostennero che personale delle forze speciali, spacciatisi per dipendenti Enel o\u00a0 Timo avessero fatte ispezioni mirate all&#8217;interno di quel condominio ed interpellati gli occupanti, tanto che gli appartenenti alle BR autori del rapimento e della strage sarebbero stati tutti identificati. Notizie che si ritennero leggede stante che ci risultava certo che la Magistratura, per legge titolare dell&#8217;azione, brancolava nel buoi pi\u00f9 completo.\u00a0Risultava per\u00f2 sicurissimo che, in previsione del bliz, arano stati allertati e convogliati a Roma militari altamenre specializzati in operazione di commandos per liberare l&#8217;ostaggio (\u00a71.). Il generale Dalla Chiesa, ucciso nel 1982, verbalizz\u00f2 che f\u00f9 costretto a ritirare i sui uomini su ordine perentorio dell&#8217;UCIGOS, ricevuto quando gi\u00e0 l&#8217;operazione era scattata.\u00a0Da notare che alcune fonti sostenevano che la decisione di rinunciare al salvataggio dell&#8217;ostaggio sarebbe stata presa proprio a seguito della scoperta della prigione e del riscontro che quel sequestro era stato organizzato da servizi segreti stranieri per conto di Nazioni Alleate.\u00a0Da qu\u00ec una situazione di CRISI tra alleati NATO e la formazione di un comitato, ristretto e segreto per \u201cl&#8217;operazione Moro\u201d presieduto da Cossiga. L&#8217;Unit\u00e0 di Crisi assunse l&#8217;esclusiva competenza.<br \/>\nSono particolari intriganti quelli accertati dal nostro dipartimento di Palermo che segnal\u00f2 che l&#8217;appartamento di via Montalcini, era gi\u00e0 occupato, prima della strage di via Fani e del sequestro, da agenti segreti USA e da collaboratori RAF ( sigla dell&#8217;eversione rossa tedesca(\u00a72.)).In occasione di una intervista l&#8217;On. Cossiga rispondendo indirettamente ad una domanda precisa chiar\u00ec che non vi era spazio per trattative rispetto alla situazione creata dagli alleati, era una \u201csituazione che non poteva essere rifiutata(\u00a73). I fatti furono poi coperti dal segreto di stato ed oggetto di depistaggi ed insabbiamenti.<\/p>\n<p>Come sopra detto, scoperto il luogo nel quale era sequestrato l&#8217;On. Aldo Moro, se fossero\u00a0stati informati il Giudice Istruttore ed il PM,\u00a0 avrebbero dovuto applicare la legge e liberare\u00a0il sequestrato anche con l&#8217;uso delle armi ed in tal modo sarebbe venuto alla luce il complotto degli alleati e l&#8217;inamissibile loro ingerenza nella politica interna della Repubblica italiana.<br \/>\nCosa che sarebbe dovuta accadere ma che inspiegabilmente non accadde proprio per\u00a0disposizione perentoria dell&#8217; OCIGOS, quando gi\u00e0 l&#8217;azione era iniziata(\u00a74).\u00a0La cosa ci stup\u00ec ma in quegli anni eravamo molto lontani dal sospettare le verit\u00e0 che accertammo successivamente e che ci fecero capire che gli \u201canni di piombo\u201d,\u201dgli opposti estremismi\u201d \u201cla stratergia della tensione\u201d, \u201clo stragismo\u201d, \u201cl&#8217;esistenza del doppio Stato\u201d erano la conseguenza diretta della strategia egemonica adottata dagli alleati liberatori.<\/p>\n","protected":false},"excerpt":{"rendered":"<p>Acceso e dichiarato antifascista, Benigno Zaccagnini f\u00f9 uno dei fondatori della Democrazia\u00a0Cristiana.\u00a0Dopo l&#8217;8 settembre 1943 entr\u00f2 nella Resistenza tra le file dei Partigiani \u201cbianchi\u201d di\u00a0ispirazione cattolica.\u00a0Combattente determinato divenne amico di Arrigo Boldrini comandante delle brigate comuniste, e concordi operarono militarmente per la liberazione della Romagna.\u00a0Membro dell&#8217;Assemblea Costituente, fu eletto deputato DC dal 1948 fino al 1979. \u00a0Dal 1983 fino alla&#8230; <a href=\"https:\/\/www.ilpiccone.it\/index.php\/benigno-zaccagnini-i-misteri\/\">Read more &raquo;<\/a><\/p>\n","protected":false},"author":1,"featured_media":0,"parent":0,"menu_order":0,"comment_status":"closed","ping_status":"closed","template":"","meta":[],"_links":{"self":[{"href":"https:\/\/www.ilpiccone.it\/index.php\/wp-json\/wp\/v2\/pages\/1572"}],"collection":[{"href":"https:\/\/www.ilpiccone.it\/index.php\/wp-json\/wp\/v2\/pages"}],"about":[{"href":"https:\/\/www.ilpiccone.it\/index.php\/wp-json\/wp\/v2\/types\/page"}],"author":[{"embeddable":true,"href":"https:\/\/www.ilpiccone.it\/index.php\/wp-json\/wp\/v2\/users\/1"}],"replies":[{"embeddable":true,"href":"https:\/\/www.ilpiccone.it\/index.php\/wp-json\/wp\/v2\/comments?post=1572"}],"version-history":[{"count":4,"href":"https:\/\/www.ilpiccone.it\/index.php\/wp-json\/wp\/v2\/pages\/1572\/revisions"}],"predecessor-version":[{"id":1589,"href":"https:\/\/www.ilpiccone.it\/index.php\/wp-json\/wp\/v2\/pages\/1572\/revisions\/1589"}],"wp:attachment":[{"href":"https:\/\/www.ilpiccone.it\/index.php\/wp-json\/wp\/v2\/media?parent=1572"}],"curies":[{"name":"wp","href":"https:\/\/api.w.org\/{rel}","templated":true}]}}