



{"id":1485,"date":"2015-12-21T15:58:59","date_gmt":"2015-12-21T14:58:59","guid":{"rendered":"http:\/\/ilpiccone.it\/wp\/?page_id=1485"},"modified":"2015-12-21T16:03:03","modified_gmt":"2015-12-21T15:03:03","slug":"giovanni-falcone","status":"publish","type":"page","link":"https:\/\/www.ilpiccone.it\/index.php\/giovanni-falcone\/","title":{"rendered":"Giovanni Falcone"},"content":{"rendered":"<p><b>Giovanni Salvatore Augusto<sup id=\"cite_ref-Falcone_eroe_solo_1-0\" class=\"reference\"><a href=\"https:\/\/it.wikipedia.org\/wiki\/Giovanni_Falcone#cite_note-Falcone_eroe_solo-1\">[1]<\/a><\/sup> Falcone<\/b> (<a title=\"Palermo\" href=\"https:\/\/it.wikipedia.org\/wiki\/Palermo\">Palermo<\/a>, <a title=\"18 maggio\" href=\"https:\/\/it.wikipedia.org\/wiki\/18_maggio\">18 maggio<\/a> <a title=\"1939\" href=\"https:\/\/it.wikipedia.org\/wiki\/1939\">1939<\/a> \u2013 <a title=\"Palermo\" href=\"https:\/\/it.wikipedia.org\/wiki\/Palermo\">Palermo<\/a>, <a title=\"23 maggio\" href=\"https:\/\/it.wikipedia.org\/wiki\/23_maggio\">23 maggio<\/a> <a title=\"1992\" href=\"https:\/\/it.wikipedia.org\/wiki\/1992\">1992<\/a>) \u00e8 stato un <a title=\"Magistrato\" href=\"https:\/\/it.wikipedia.org\/wiki\/Magistrato\">magistrato<\/a> <a title=\"Italia\" href=\"https:\/\/it.wikipedia.org\/wiki\/Italia\">italiano<\/a>. Fu assassinato con la moglie <a title=\"Francesca Morvillo\" href=\"https:\/\/it.wikipedia.org\/wiki\/Francesca_Morvillo\">Francesca Morvillo<\/a> e tre uomini della scorta nella <a title=\"Strage di Capaci\" href=\"https:\/\/it.wikipedia.org\/wiki\/Strage_di_Capaci\">strage di Capaci<\/a> per opera di <a class=\"mw-redirect\" title=\"Cosa Nostra\" href=\"https:\/\/it.wikipedia.org\/wiki\/Cosa_Nostra\">Cosa Nostra<\/a>.<\/p>\n<p>Assieme al collega e amico <a title=\"Paolo Borsellino\" href=\"https:\/\/it.wikipedia.org\/wiki\/Paolo_Borsellino\">Paolo Borsellino<\/a> \u00e8 considerato una delle personalit\u00e0 pi\u00f9 importanti e prestigiose nella lotta alla <a title=\"Mafia in Italia\" href=\"https:\/\/it.wikipedia.org\/wiki\/Mafia_in_Italia\">mafia in Italia<\/a> e a livello internazionale.<\/p>\n","protected":false},"excerpt":{"rendered":"<p>Giovanni Salvatore Augusto[1] Falcone (Palermo, 18 maggio 1939 \u2013 Palermo, 23 maggio 1992) \u00e8 stato un magistrato italiano. Fu assassinato con la moglie Francesca Morvillo e tre uomini della scorta nella strage di Capaci per opera di Cosa Nostra. Assieme al collega e amico Paolo Borsellino \u00e8 considerato una delle personalit\u00e0 pi\u00f9 importanti e prestigiose nella lotta alla mafia in&#8230; <a href=\"https:\/\/www.ilpiccone.it\/index.php\/giovanni-falcone\/\">Read more &raquo;<\/a><\/p>\n","protected":false},"author":1,"featured_media":0,"parent":0,"menu_order":0,"comment_status":"closed","ping_status":"closed","template":"","meta":[],"_links":{"self":[{"href":"https:\/\/www.ilpiccone.it\/index.php\/wp-json\/wp\/v2\/pages\/1485"}],"collection":[{"href":"https:\/\/www.ilpiccone.it\/index.php\/wp-json\/wp\/v2\/pages"}],"about":[{"href":"https:\/\/www.ilpiccone.it\/index.php\/wp-json\/wp\/v2\/types\/page"}],"author":[{"embeddable":true,"href":"https:\/\/www.ilpiccone.it\/index.php\/wp-json\/wp\/v2\/users\/1"}],"replies":[{"embeddable":true,"href":"https:\/\/www.ilpiccone.it\/index.php\/wp-json\/wp\/v2\/comments?post=1485"}],"version-history":[{"count":2,"href":"https:\/\/www.ilpiccone.it\/index.php\/wp-json\/wp\/v2\/pages\/1485\/revisions"}],"predecessor-version":[{"id":1493,"href":"https:\/\/www.ilpiccone.it\/index.php\/wp-json\/wp\/v2\/pages\/1485\/revisions\/1493"}],"wp:attachment":[{"href":"https:\/\/www.ilpiccone.it\/index.php\/wp-json\/wp\/v2\/media?parent=1485"}],"curies":[{"name":"wp","href":"https:\/\/api.w.org\/{rel}","templated":true}]}}