



{"id":1443,"date":"2015-12-21T12:10:29","date_gmt":"2015-12-21T11:10:29","guid":{"rendered":"http:\/\/ilpiccone.it\/wp\/?page_id=1443"},"modified":"2016-09-22T19:56:39","modified_gmt":"2016-09-22T18:56:39","slug":"francesco-montanari","status":"publish","type":"page","link":"https:\/\/www.ilpiccone.it\/index.php\/francesco-montanari\/","title":{"rendered":"Francesco Montanari"},"content":{"rendered":"<p class=\"p1\"><b>Francesco Montanari <\/b><\/p>\n<p class=\"p1\">Nel 1990 <b> il partigiano comunista Francesco Montanari, Comandante di una Brigata Rossa Garibaldi<\/b> a seguito della constatazione di come<span class=\"Apple-converted-space\">\u00a0 <\/span>risultassero disattesi gli ideale ed i valori che avevano alimentato la Resistenza e fossero gratificati<span class=\"Apple-converted-space\">\u00a0 <\/span>personaggi<span class=\"Apple-converted-space\">\u00a0 <\/span>autori di<span class=\"Apple-converted-space\">\u00a0 <\/span>delitti e vendette feroci, indegni di rappresentarla,<span class=\"Apple-converted-space\">\u00a0 <\/span>tent\u00f2 di dar vita al movimento \u201c CHI SA&#8217; PARLI!\u201d che richiamasse i partigiani a quegli ideali di libert\u00e0 e di giustizia che tanto sangue<span class=\"Apple-converted-space\">\u00a0 <\/span>erano costati.<\/p>\n<p class=\"p1\">Forse era roso dai ricordi e dall&#8217;esigenza di separare il proprio nome da quei fatti ai quali non concorse. Aveva gi\u00e0 da tempo manifestata<span class=\"Apple-converted-space\">\u00a0 <\/span>disapprovazione<span class=\"Apple-converted-space\">\u00a0 <\/span>verso quell&#8217;aspetto<span class=\"Apple-converted-space\">\u00a0 <\/span>della Resistenza ed <span class=\"Apple-converted-space\">\u00a0 <\/span>era gi\u00e0 stato isolato anche dai partigiani che avevano combattuto sotto il di lui comando<b>. Nel 1994 avendo appreso che il Presidente della Repubblica avrebbe versato all&#8217; ANPI (Associazione Nazionale Partigiani Italiani) venti miliardi di lire<span class=\"Apple-converted-space\">\u00a0 <\/span>gli scrisse<span class=\"Apple-converted-space\">\u00a0 <\/span>\u201c&#8230; se consegnerete quei soldi io mi brucer\u00f2 vivo&#8230;\u201d<\/b> A seguito del versamento, fece visita ad alcuni amici per un saluto di commiato e lasciate loro alcune copie del suo libro<span class=\"Apple-converted-space\">\u00a0 <\/span><b>\u201cQu\u00ec il pi\u00f9 pulito ha la rogna\u201d<\/b>,<span class=\"Apple-converted-space\">\u00a0 <\/span>acquist\u00f2<span class=\"Apple-converted-space\">\u00a0 <\/span>una vecchia Fiat Ritmo in demolizione e la parcheggi\u00f2<span class=\"Apple-converted-space\">\u00a0 <\/span>a San Mauro in Valle. La notte del 22\/02\/1996, come aveva minacciato, si suicid\u00f2 bruciandosi vivo all&#8217;interno di quell&#8217;automobile.<\/p>\n<p class=\"p1\">Tale era<span class=\"Apple-converted-space\">\u00a0 <\/span>Francesco Montanari: cultore della Verit\u00e0, avversario di ogni dittatura, fedele difensore dei valori universali e dei diritti irrinunciabili della Costituzione che rifiut\u00f2 di vivere in una Repubblica tradita persino da tanti che avevano combattuto per instaurarla e cos\u00ec scrisse:<\/p>\n<p class=\"p2\"><span class=\"s1\"><span class=\"Apple-converted-space\">\u00a0 <\/span><\/span> <b> <\/b><span class=\"s3\"><b>\u201c\u2026.Sono certo che coloro i quali detengono le leve del potere faranno tutto il possibile per farmi passare per matto o anormale . Mi ammazzo perch\u00e9 s\u00f2 valutare la \u2018sora\u2019 morte nella maniera giusta, perch\u00e9 ho dignit\u00e0, moralit\u00e0, sensibilit\u00e0 e coraggio per cui, in questo letamaio pieno di miserie, ingiustizie e violenza \u2013 dove comandano i ladri, i delinquenti e i mafiosi \u2013 si potranno trovare bene i loro compari o le pecore, ma non il sottoscritto . Durante la guerra sono stato comandante partigiano . Non ho mai fatto scatenare terribili rappresaglie su gente innocente, non ho mai vigliaccamente giustiziato nessun fascista a guerra finita . Qui non c\u2019\u00e8 una sola cosa che funzioni per il verso giusto: si privilegiano gli stranieri illegali invece dei fratelli, si puniscono i ladri di galline e i piccoli evasori, ma mai i grossi: i sindacati insegnano solo i diritti (mai i doveri). Provo ormai nausea a vivere in questa ripugnante societ\u00e0 di ladri, di delinquenti e di pecore. Perci\u00f2 vi dico IO NON CI STO\u2019 pi\u00f9 e tolgo il disturbo!&#8230;\u201d<\/b><\/span><span class=\"Apple-converted-space\">\u00a0 \u00a0 \u00a0 \u00a0 \u00a0 \u00a0 \u00a0 \u00a0 \u00a0 \u00a0 \u00a0 \u00a0 \u00a0 \u00a0 \u00a0 \u00a0 \u00a0 \u00a0 \u00a0 \u00a0 \u00a0 \u00a0 \u00a0 \u00a0 \u00a0 \u00a0 \u00a0 \u00a0 \u00a0 \u00a0 \u00a0 \u00a0 \u00a0 \u00a0 \u00a0 \u00a0 \u00a0 \u00a0 \u00a0 \u00a0 \u00a0 \u00a0 \u00a0 \u00a0 \u00a0 \u00a0 \u00a0 \u00a0 \u00a0 \u00a0 \u00a0 \u00a0 \u00a0\u00a0<\/span><b><i><span class=\"Apple-converted-space\">\u00a0 \u00a0 \u00a0 \u00a0 \u00a0 \u00a0 \u00a0 \u00a0 \u00a0 \u00a0 \u00a0 \u00a0 \u00a0 \u00a0 \u00a0 \u00a0 \u00a0 \u00a0 \u00a0 \u00a0 \u00a0 \u00a0 \u00a0 \u00a0 \u00a0 \u00a0 \u00a0 \u00a0 \u00a0 \u00a0 \u00a0 <\/span>FRANCESCO<span class=\"Apple-converted-space\">\u00a0 <\/span>MONTANARI<\/i><\/b><\/p>\n","protected":false},"excerpt":{"rendered":"<p>Francesco Montanari Nel 1990 il partigiano comunista Francesco Montanari, Comandante di una Brigata Rossa Garibaldi a seguito della constatazione di come\u00a0 risultassero disattesi gli ideale ed i valori che avevano alimentato la Resistenza e fossero gratificati\u00a0 personaggi\u00a0 autori di\u00a0 delitti e vendette feroci, indegni di rappresentarla,\u00a0 tent\u00f2 di dar vita al movimento \u201c CHI SA&#8217; PARLI!\u201d che richiamasse i partigiani&#8230; <a href=\"https:\/\/www.ilpiccone.it\/index.php\/francesco-montanari\/\">Read more &raquo;<\/a><\/p>\n","protected":false},"author":1,"featured_media":0,"parent":0,"menu_order":0,"comment_status":"closed","ping_status":"closed","template":"page-templates\/full-width.php","meta":[],"_links":{"self":[{"href":"https:\/\/www.ilpiccone.it\/index.php\/wp-json\/wp\/v2\/pages\/1443"}],"collection":[{"href":"https:\/\/www.ilpiccone.it\/index.php\/wp-json\/wp\/v2\/pages"}],"about":[{"href":"https:\/\/www.ilpiccone.it\/index.php\/wp-json\/wp\/v2\/types\/page"}],"author":[{"embeddable":true,"href":"https:\/\/www.ilpiccone.it\/index.php\/wp-json\/wp\/v2\/users\/1"}],"replies":[{"embeddable":true,"href":"https:\/\/www.ilpiccone.it\/index.php\/wp-json\/wp\/v2\/comments?post=1443"}],"version-history":[{"count":9,"href":"https:\/\/www.ilpiccone.it\/index.php\/wp-json\/wp\/v2\/pages\/1443\/revisions"}],"predecessor-version":[{"id":1768,"href":"https:\/\/www.ilpiccone.it\/index.php\/wp-json\/wp\/v2\/pages\/1443\/revisions\/1768"}],"wp:attachment":[{"href":"https:\/\/www.ilpiccone.it\/index.php\/wp-json\/wp\/v2\/media?parent=1443"}],"curies":[{"name":"wp","href":"https:\/\/api.w.org\/{rel}","templated":true}]}}