



{"id":127,"date":"2015-04-27T16:13:41","date_gmt":"2015-04-27T16:13:41","guid":{"rendered":"http:\/\/www.ilpiccone.it\/?page_id=127"},"modified":"2016-09-26T18:34:16","modified_gmt":"2016-09-26T17:34:16","slug":"il-tradimento-dei-valori-della-resistenza","status":"publish","type":"page","link":"https:\/\/www.ilpiccone.it\/index.php\/approfondimenti\/il-tradimento-dei-valori-della-resistenza\/","title":{"rendered":"Il tradimento dei valori della resistenza"},"content":{"rendered":"<p class=\"p1\">Il grido<strong> \u201cchi sa parli!\u201d<\/strong> lanciato dal dottore Francesco Montanari e&#8217; un proclama pari a quelli di antica e storica memoria di coloro che in assenza della libert\u00e0 rifiutarono la vita.<br \/>\n<span class=\"s1\">il suo e&#8217; l&#8217;unico proclama di protesta contro il tradimento della resistenza.<br \/>\nil suicidio avvenne il 22\/02\/1996. F<\/span><span class=\"s1\">u&#8217; il proclama di un uomo al quale era stato tolto lo scopo della vita: i valori e gli ideali della resistenza partigiana.<br \/>\nAllora un qualunque suicidio faceva impressione ed aveva risonanza mediatica. non quello di Francesco Montanari che fu riportato in striminziti articoli solo da qualche cronaca locale.<br \/>\nda allora i suicidi in Italia sono stati migliaia e non fanno pi\u00f9 notizia: affrontare fallimenti, disoccupazione, miseria, recessione e&#8217; difficile se ci si trova derubati di tutto, persino della speranza.<br \/>\n<\/span><br \/>\n<b><a href=\"http:\/\/ilpiccone.it\/wp\/index.php\/francesco-montanari\/\">Francesco Montanari<\/a><br \/>\n<\/b>Tale era<span class=\"Apple-converted-space\">\u00a0 <\/span>Francesco Montanari: cultore della Verit\u00e0, avversario di ogni dittatura, fedele difensore dei valori universali e dei diritti irrinunciabili della Costituzione che rifiut\u00f2 di vivere in una Repubblica tradita persino da tanti che avevano combattuto per instaurarla&#8230; e cos\u00ec scrisse:<br \/>\n<span class=\"s1\"><i>\u201c\u2026.Sono certo che coloro i quali detengono le leve del potere faranno tutto il possibile per farmi passare per matto o anormale . Mi ammazzo perch\u00e9 so valutare la \u2018sora\u2019 morte nella maniera giusta, perch\u00e9 ho dignit\u00e0, moralit\u00e0, sensibilit\u00e0 e coraggio per cui, in questo letamaio pieno di miserie, ingiustizie e violenza \u2013 dove comandano i ladri, i delinquenti e i mafiosi \u2013 si potranno trovare bene i loro compari o le pecore, ma non il sottoscritto . Durante la guerra sono stato comandante partigiano . Non ho mai fatto scatenare terribili rappresaglie su gente innocente, non ho mai vigliaccamente giustiziato nessun fascista a guerra finita . Qui non c\u2019\u00e8 una sola cosa che funzioni per il verso giusto: si privilegiano gli stranieri illegali invece dei fratelli, si puniscono i ladri di galline e i piccoli evasori, ma mai i grossi: i sindacati insegnano solo i diritti (mai i doveri). Prov\u00f2 ormai nausea a vivere in questa ripugnante societ\u00e0 di ladri, di delinquenti e di pecore.<br \/>\nPerci\u00f2 vi dico:<\/i><b><i> &#8220;IO NON CI STO\u2019 PIU&#8217; E TOLGO IL DISTURBO!&#8230;\u201d<\/i><\/b><\/span><span class=\"Apple-converted-space\"><br \/>\n<\/span><b><i>Considerazione Conclusiva.<br \/>\n<\/i><\/b>Francesco Montanari dopo Mani Pulite, dopo il crollo della prima Repubblica, dopo il versamento dei venti miliardi all&#8217;A.N.P.I aveva capito che l&#8217;esigenza di Libert\u00e0, di Giustizia e\u00a0di Democrazia che avevano unito le brigate partigiane per fondare la Repubblica Democratica d&#8217;Italia era stato tradito.<span class=\"Apple-converted-space\">\u00a0<\/span>I capi<span class=\"Apple-converted-space\">\u00a0<\/span>storici partigiani, dopo la vittoria in guerra erano stati sconfitti dalla \u201cpace\u201d, nel tentativo di ricostruire l&#8217;economia Italiana*. Inseritisi ai vertici dei partiti e delle istituzioni per anni si opposero come poterono alla volont\u00e0 contraria dei poteri dominanti, che erano riusciti da subito ad introdurre nei punti chiave della Repubblica i loro politici usurpatori, ladri, delinquenti e mafiosi<span class=\"Apple-converted-space\">\u00a0<\/span>ed a <strong>trasformare<\/strong> con la strategia del terrore, delle stragi e della tensione<span class=\"Apple-converted-space\">\u00a0 <\/span>i cittadini sovrani in <strong>pecore<\/strong>.<span class=\"Apple-converted-space\">\u00a0 \u00a0<\/span><\/p>\n<p class=\"p1\"><span class=\"Apple-converted-space\">\u00a0<\/span><\/p>\n","protected":false},"excerpt":{"rendered":"<p>Il grido \u201cchi sa parli!\u201d lanciato dal dottore Francesco Montanari e&#8217; un proclama pari a quelli di antica e storica memoria di coloro che in assenza della libert\u00e0 rifiutarono la vita. il suo e&#8217; l&#8217;unico proclama di protesta contro il tradimento della resistenza. il suicidio avvenne il 22\/02\/1996. Fu&#8217; il proclama di un uomo al quale era stato tolto lo&#8230; <a href=\"https:\/\/www.ilpiccone.it\/index.php\/approfondimenti\/il-tradimento-dei-valori-della-resistenza\/\">Read more &raquo;<\/a><\/p>\n","protected":false},"author":1,"featured_media":0,"parent":110,"menu_order":0,"comment_status":"closed","ping_status":"closed","template":"page-templates\/full-width.php","meta":[],"_links":{"self":[{"href":"https:\/\/www.ilpiccone.it\/index.php\/wp-json\/wp\/v2\/pages\/127"}],"collection":[{"href":"https:\/\/www.ilpiccone.it\/index.php\/wp-json\/wp\/v2\/pages"}],"about":[{"href":"https:\/\/www.ilpiccone.it\/index.php\/wp-json\/wp\/v2\/types\/page"}],"author":[{"embeddable":true,"href":"https:\/\/www.ilpiccone.it\/index.php\/wp-json\/wp\/v2\/users\/1"}],"replies":[{"embeddable":true,"href":"https:\/\/www.ilpiccone.it\/index.php\/wp-json\/wp\/v2\/comments?post=127"}],"version-history":[{"count":29,"href":"https:\/\/www.ilpiccone.it\/index.php\/wp-json\/wp\/v2\/pages\/127\/revisions"}],"predecessor-version":[{"id":1825,"href":"https:\/\/www.ilpiccone.it\/index.php\/wp-json\/wp\/v2\/pages\/127\/revisions\/1825"}],"up":[{"embeddable":true,"href":"https:\/\/www.ilpiccone.it\/index.php\/wp-json\/wp\/v2\/pages\/110"}],"wp:attachment":[{"href":"https:\/\/www.ilpiccone.it\/index.php\/wp-json\/wp\/v2\/media?parent=127"}],"curies":[{"name":"wp","href":"https:\/\/api.w.org\/{rel}","templated":true}]}}